{"id":138,"date":"2025-01-21T12:40:35","date_gmt":"2025-01-21T11:40:35","guid":{"rendered":"https:\/\/colibristaffing.com\/?page_id=138"},"modified":"2025-01-23T20:37:18","modified_gmt":"2025-01-23T19:37:18","slug":"desarrollo-web","status":"publish","type":"page","link":"https:\/\/colibristaffing.com\/?page_id=138","title":{"rendered":"Desarrollo Web"},"content":{"rendered":"<!-- wp:themify-builder\/canvas \/-->\n\n<!--themify_builder_static--><p>En Colibri Development, ofrecemos\u00a0<strong>desarrollo web a medida<\/strong>\u00a0para empresas que buscan soluciones \u00fanicas y completamente adaptadas a sus necesidades. Ya sea que necesites una p\u00e1gina web corporativa, una tienda en l\u00ednea o una plataform<\/p> <p>a personalizada, nuestro equipo de expertos, nos aseguramos de que cada proyecto se ejecute con las mejores pr\u00e1cticas de dise\u00f1o y programaci\u00f3n.<\/p> <p>Adem\u00e1s de la creaci\u00f3n de sitios web, tambi\u00e9n brindamos\u00a0<strong>mantenimiento web continuo<\/strong>, garantizando que tu sitio se mantenga actualizado, seguro y optimizado. Con nuestros planes de soporte, te aseguramos que tu web siempre est\u00e9 a la vanguardia y libre de problemas t\u00e9cnicos. Si ya tienes un sitio web, tambi\u00e9n podemos hacer\u00a0<strong>actualizaciones y mejoras<\/strong>\u00a0para que siempre funcione a su m\u00e1ximo potencial.<\/p>\n<h2 style=\"text-align: center;\"><strong>\u00bfPor qu\u00e9 nosotros?<\/strong><\/h2>\n\n<svg> <circle r=\"calc(50% - 1.00px)\" cx=\"50%\" cy=\"50%\" stroke-width=\"2\"\/> <circle r=\"calc(50% - 1.00px)\" cx=\"50%\" cy=\"50%\" stroke=\"#5cbe8d\" stroke-width=\"2\" data-progress=\"100\" stroke-dasharray=\"0,10000\"\/> <\/svg> <em style=\"color:#000000\"><svg aria-hidden=\"true\"><use href=\"#tf-ti-comments\"><\/use><\/svg><\/em> \n <p style=\"text-align: center;\"><strong>Soluciones Personalizadas y Adaptadas a tus Necesidades<\/strong><\/p>\n<svg> <circle r=\"calc(50% - 1.00px)\" cx=\"50%\" cy=\"50%\" stroke-width=\"2\"\/> <circle r=\"calc(50% - 1.00px)\" cx=\"50%\" cy=\"50%\" stroke=\"#5cbe8d\" stroke-width=\"2\" data-progress=\"100\" stroke-dasharray=\"0,10000\"\/> <\/svg> <em style=\"color:#000000\"><svg aria-hidden=\"true\"><use href=\"#tf-fas-palette\"><\/use><\/svg><\/em> \n <p style=\"text-align: center;\">Dise\u00f1o y Programaci\u00f3n de Alta Calidad<\/p>\n<svg> <circle r=\"calc(50% - 1.00px)\" cx=\"50%\" cy=\"50%\" stroke-width=\"2\"\/> <circle r=\"calc(50% - 1.00px)\" cx=\"50%\" cy=\"50%\" stroke=\"#5cbe8d\" stroke-width=\"2\" data-progress=\"100\" stroke-dasharray=\"0,10000\"\/> <\/svg> <em style=\"color:#000000\"><svg aria-hidden=\"true\"><use href=\"#tf-fas-computer\"><\/use><\/svg><\/em> \n <p style=\"text-align: center;\">Mantenimiento y Soporte Continuo<\/p>\n<svg> <circle r=\"calc(50% - 1.00px)\" cx=\"50%\" cy=\"50%\" stroke-width=\"2\"\/> <circle r=\"calc(50% - 1.00px)\" cx=\"50%\" cy=\"50%\" stroke=\"#5cbe8d\" stroke-width=\"2\" data-progress=\"100\" stroke-dasharray=\"0,10000\"\/> <\/svg> <em style=\"color:#000000\"><svg aria-hidden=\"true\"><use href=\"#tf-fas-money-bill-trend-up\"><\/use><\/svg><\/em> \n <p style=\"text-align: center;\">Enfoque en Resultados y Rentabilidad<\/p>\n<img loading=\"lazy\" decoding=\"async\" src=\"https:\/\/colibristaffing.com\/wp-content\/uploads\/2025\/01\/desarrollo-web-1024x513-900x450.png\" width=\"900\" height=\"450\" title=\"desarrollo web\" alt=\"desarrollo web\" srcset=\"https:\/\/colibristaffing.com\/wp-content\/uploads\/2025\/01\/desarrollo-web-1024x513-900x450.png 900w, https:\/\/colibristaffing.com\/wp-content\/uploads\/2025\/01\/desarrollo-web-300x150.png 300w, https:\/\/colibristaffing.com\/wp-content\/uploads\/2025\/01\/desarrollo-web-1024x513.png 1024w, https:\/\/colibristaffing.com\/wp-content\/uploads\/2025\/01\/desarrollo-web-768x385.png 768w, https:\/\/colibristaffing.com\/wp-content\/uploads\/2025\/01\/desarrollo-web-1536x769.png 1536w, https:\/\/colibristaffing.com\/wp-content\/uploads\/2025\/01\/desarrollo-web-2048x1025.png 2048w\" sizes=\"auto, (max-width: 900px) 100vw, 900px\" \/>\n<img decoding=\"async\" src=\"https:\/\/colibristaffing.com\/wp-content\/uploads\/2025\/01\/WEB-mobile-09.png\" title=\"WEB mobile-09\" alt=\"WEB mobile-09\" srcset=\"https:\/\/colibristaffing.com\/wp-content\/uploads\/2025\/01\/WEB-mobile-09.png 4264w, https:\/\/colibristaffing.com\/wp-content\/uploads\/2025\/01\/WEB-mobile-09-150x300.png 150w, https:\/\/colibristaffing.com\/wp-content\/uploads\/2025\/01\/WEB-mobile-09-513x1024.png 513w, https:\/\/colibristaffing.com\/wp-content\/uploads\/2025\/01\/WEB-mobile-09-768x1534.png 768w, https:\/\/colibristaffing.com\/wp-content\/uploads\/2025\/01\/WEB-mobile-09-769x1536.png 769w, https:\/\/colibristaffing.com\/wp-content\/uploads\/2025\/01\/WEB-mobile-09-1025x2048.png 1025w\" sizes=\"(max-width: 4264px) 100vw, 4264px\" \/><!--\/themify_builder_static-->","protected":false},"excerpt":{"rendered":"<p>En Colibri Development, ofrecemos\u00a0desarrollo web a medida\u00a0para empresas que buscan soluciones \u00fanicas y completamente adaptadas a sus necesidades. Ya sea que necesites una p\u00e1gina web corporativa, una tienda en l\u00ednea o una plataform a personalizada, nuestro equipo de expertos, nos aseguramos de que cada proyecto se ejecute con las mejores pr\u00e1cticas de dise\u00f1o y programaci\u00f3n. [&hellip;]<\/p>\n","protected":false},"author":1,"featured_media":0,"parent":0,"menu_order":0,"comment_status":"closed","ping_status":"closed","template":"","meta":{"footnotes":""},"class_list":["post-138","page","type-page","status-publish","hentry","has-post-title","has-post-date","has-post-category","has-post-tag","has-post-comment","has-post-author",""],"builder_content":"<p>En Colibri Development, ofrecemos\u00a0<strong>desarrollo web a medida<\/strong>\u00a0para empresas que buscan soluciones \u00fanicas y completamente adaptadas a sus necesidades. Ya sea que necesites una p\u00e1gina web corporativa, una tienda en l\u00ednea o una plataform<\/p> <p>a personalizada, nuestro equipo de expertos, nos aseguramos de que cada proyecto se ejecute con las mejores pr\u00e1cticas de dise\u00f1o y programaci\u00f3n.<\/p> <p>Adem\u00e1s de la creaci\u00f3n de sitios web, tambi\u00e9n brindamos\u00a0<strong>mantenimiento web continuo<\/strong>, garantizando que tu sitio se mantenga actualizado, seguro y optimizado. Con nuestros planes de soporte, te aseguramos que tu web siempre est\u00e9 a la vanguardia y libre de problemas t\u00e9cnicos. Si ya tienes un sitio web, tambi\u00e9n podemos hacer\u00a0<strong>actualizaciones y mejoras<\/strong>\u00a0para que siempre funcione a su m\u00e1ximo potencial.<\/p>\n<h2 style=\"text-align: center;\"><strong>\u00bfPor qu\u00e9 nosotros?<\/strong><\/h2>\n\n<svg> <circle r=\"calc(50% - 1.00px)\" cx=\"50%\" cy=\"50%\" stroke-width=\"2\"\/> <circle r=\"calc(50% - 1.00px)\" cx=\"50%\" cy=\"50%\" stroke=\"#5cbe8d\" stroke-width=\"2\" data-progress=\"100\" stroke-dasharray=\"0,10000\"\/> <\/svg> <em style=\"color:#000000\"><svg aria-hidden=\"true\"><use href=\"#tf-ti-comments\"><\/use><\/svg><\/em> \n <p style=\"text-align: center;\"><strong>Soluciones Personalizadas y Adaptadas a tus Necesidades<\/strong><\/p>\n<svg> <circle r=\"calc(50% - 1.00px)\" cx=\"50%\" cy=\"50%\" stroke-width=\"2\"\/> <circle r=\"calc(50% - 1.00px)\" cx=\"50%\" cy=\"50%\" stroke=\"#5cbe8d\" stroke-width=\"2\" data-progress=\"100\" stroke-dasharray=\"0,10000\"\/> <\/svg> <em style=\"color:#000000\"><svg aria-hidden=\"true\"><use href=\"#tf-fas-palette\"><\/use><\/svg><\/em> \n <p style=\"text-align: center;\">Dise\u00f1o y Programaci\u00f3n de Alta Calidad<\/p>\n<svg> <circle r=\"calc(50% - 1.00px)\" cx=\"50%\" cy=\"50%\" stroke-width=\"2\"\/> <circle r=\"calc(50% - 1.00px)\" cx=\"50%\" cy=\"50%\" stroke=\"#5cbe8d\" stroke-width=\"2\" data-progress=\"100\" stroke-dasharray=\"0,10000\"\/> <\/svg> <em style=\"color:#000000\"><svg aria-hidden=\"true\"><use href=\"#tf-fas-computer\"><\/use><\/svg><\/em> \n <p style=\"text-align: center;\">Mantenimiento y Soporte Continuo<\/p>\n<svg> <circle r=\"calc(50% - 1.00px)\" cx=\"50%\" cy=\"50%\" stroke-width=\"2\"\/> <circle r=\"calc(50% - 1.00px)\" cx=\"50%\" cy=\"50%\" stroke=\"#5cbe8d\" stroke-width=\"2\" data-progress=\"100\" stroke-dasharray=\"0,10000\"\/> <\/svg> <em style=\"color:#000000\"><svg aria-hidden=\"true\"><use href=\"#tf-fas-money-bill-trend-up\"><\/use><\/svg><\/em> \n <p style=\"text-align: center;\">Enfoque en Resultados y Rentabilidad<\/p>\n<img src=\"https:\/\/colibristaffing.com\/wp-content\/uploads\/2025\/01\/desarrollo-web-1024x513-900x450.png\" width=\"900\" height=\"450\" title=\"desarrollo web\" alt=\"desarrollo web\" srcset=\"https:\/\/colibristaffing.com\/wp-content\/uploads\/2025\/01\/desarrollo-web-1024x513-900x450.png 900w, https:\/\/colibristaffing.com\/wp-content\/uploads\/2025\/01\/desarrollo-web-300x150.png 300w, https:\/\/colibristaffing.com\/wp-content\/uploads\/2025\/01\/desarrollo-web-1024x513.png 1024w, https:\/\/colibristaffing.com\/wp-content\/uploads\/2025\/01\/desarrollo-web-768x385.png 768w, https:\/\/colibristaffing.com\/wp-content\/uploads\/2025\/01\/desarrollo-web-1536x769.png 1536w, https:\/\/colibristaffing.com\/wp-content\/uploads\/2025\/01\/desarrollo-web-2048x1025.png 2048w\" sizes=\"(max-width: 900px) 100vw, 900px\" \/>\n<img src=\"https:\/\/colibristaffing.com\/wp-content\/uploads\/2025\/01\/WEB-mobile-09.png\" title=\"WEB mobile-09\" alt=\"WEB mobile-09\" srcset=\"https:\/\/colibristaffing.com\/wp-content\/uploads\/2025\/01\/WEB-mobile-09.png 4264w, https:\/\/colibristaffing.com\/wp-content\/uploads\/2025\/01\/WEB-mobile-09-150x300.png 150w, https:\/\/colibristaffing.com\/wp-content\/uploads\/2025\/01\/WEB-mobile-09-513x1024.png 513w, https:\/\/colibristaffing.com\/wp-content\/uploads\/2025\/01\/WEB-mobile-09-768x1534.png 768w, https:\/\/colibristaffing.com\/wp-content\/uploads\/2025\/01\/WEB-mobile-09-769x1536.png 769w, https:\/\/colibristaffing.com\/wp-content\/uploads\/2025\/01\/WEB-mobile-09-1025x2048.png 1025w\" sizes=\"(max-width: 4264px) 100vw, 4264px\" \/>","_links":{"self":[{"href":"https:\/\/colibristaffing.com\/index.php?rest_route=\/wp\/v2\/pages\/138","targetHints":{"allow":["GET"]}}],"collection":[{"href":"https:\/\/colibristaffing.com\/index.php?rest_route=\/wp\/v2\/pages"}],"about":[{"href":"https:\/\/colibristaffing.com\/index.php?rest_route=\/wp\/v2\/types\/page"}],"author":[{"embeddable":true,"href":"https:\/\/colibristaffing.com\/index.php?rest_route=\/wp\/v2\/users\/1"}],"replies":[{"embeddable":true,"href":"https:\/\/colibristaffing.com\/index.php?rest_route=%2Fwp%2Fv2%2Fcomments&post=138"}],"version-history":[{"count":29,"href":"https:\/\/colibristaffing.com\/index.php?rest_route=\/wp\/v2\/pages\/138\/revisions"}],"predecessor-version":[{"id":271,"href":"https:\/\/colibristaffing.com\/index.php?rest_route=\/wp\/v2\/pages\/138\/revisions\/271"}],"wp:attachment":[{"href":"https:\/\/colibristaffing.com\/index.php?rest_route=%2Fwp%2Fv2%2Fmedia&parent=138"}],"curies":[{"name":"wp","href":"https:\/\/api.w.org\/{rel}","templated":true}]}}