{"id":142,"date":"2025-01-21T12:41:24","date_gmt":"2025-01-21T11:41:24","guid":{"rendered":"https:\/\/colibristaffing.com\/?page_id=142"},"modified":"2025-01-23T20:39:00","modified_gmt":"2025-01-23T19:39:00","slug":"optimizacion-seo","status":"publish","type":"page","link":"https:\/\/colibristaffing.com\/?page_id=142","title":{"rendered":"Optimizaci\u00f3n SEO"},"content":{"rendered":"<!-- wp:themify-builder\/canvas \/-->\n\n<!--themify_builder_static--><p>En Colibri Optimization, ofrecemos un servicio completo de optimizaci\u00f3n SEO, dise\u00f1ado para mejorar el posicionamiento de tu p\u00e1gina en los motores de b\u00fasqueda y aumentar el tr\u00e1fico org\u00e1nico. Nuestro proceso comienza con una auditor\u00eda SEO exhaustiva\u00a0que nos permite identificar las \u00e1reas de mejora clave de tu sitio web.<\/p> <p>Una vez completada la auditor\u00eda, implementamos estrategias personalizadas para optimizar todos los aspectos t\u00e9cnicos y de contenido, garantizando que tu sitio sea visible, r\u00e1pido, f\u00e1cil de navegar y, lo m\u00e1s importante, relevante para tu audiencia.<\/p>\n<p><strong>Nuestro servicio de optimizaci\u00f3n SEO incluye:<\/strong><\/p> <ul> <li><strong>Auditor\u00eda SEO completa<\/strong>: An\u00e1lisis de la estructura t\u00e9cnica de tu sitio, contenido, backlinks, velocidad de carga y m\u00e1s.<\/li> <li><strong>Optimizaci\u00f3n de contenido<\/strong>: Mejoramos el uso de palabras clave, etiquetas, meta descripciones y m\u00e1s para asegurar que tu contenido sea relevante y est\u00e9 alineado con las mejores pr\u00e1cticas SEO.<\/li> <li><strong>Mejora de la velocidad de carga<\/strong>: Implementamos soluciones para reducir los tiempos de carga y mejorar la experiencia de usuario.<\/li> <li><strong>Optimizaci\u00f3n t\u00e9cnica<\/strong>: Ajustamos aspectos t\u00e9cnicos del sitio (como las URLs, la estructura del sitio y el uso de datos estructurados) para mejorar su rendimiento en los motores de b\u00fasqueda.<\/li> <li><strong>Monitoreo y seguimiento<\/strong>: Realizamos un seguimiento continuo para garantizar que tu sitio web se mantenga optimizado y contin\u00fae mejorando su posicionamiento.<\/li> <\/ul>\n<h2 style=\"text-align: center;\"><strong>\u00bfPor qu\u00e9 elegirnos?<\/strong><\/h2>\n\n<svg> <circle r=\"calc(50% - 1.00px)\" cx=\"50%\" cy=\"50%\" stroke-width=\"2\"\/> <circle r=\"calc(50% - 1.00px)\" cx=\"50%\" cy=\"50%\" stroke=\"#99298f\" stroke-width=\"2\" data-progress=\"100\" stroke-dasharray=\"0,10000\"\/> <\/svg> <em style=\"color:#000000\"><svg aria-hidden=\"true\"><use href=\"#tf-fas-star\"><\/use><\/svg><\/em> \n <p style=\"text-align: center;\">Enfoque integral y personalizado<\/p>\n<svg> <circle r=\"calc(50% - 1.00px)\" cx=\"50%\" cy=\"50%\" stroke-width=\"2\"\/> <circle r=\"calc(50% - 1.00px)\" cx=\"50%\" cy=\"50%\" stroke=\"#99298f\" stroke-width=\"2\" data-progress=\"100\" stroke-dasharray=\"0,10000\"\/> <\/svg> <em style=\"color:#000000\"><svg aria-hidden=\"true\"><use href=\"#tf-fas-person-circle-check\"><\/use><\/svg><\/em> \n <p style=\"text-align: center;\">Expertos en SEO con experiencia comprobada<\/p>\n<svg> <circle r=\"calc(50% - 1.00px)\" cx=\"50%\" cy=\"50%\" stroke-width=\"2\"\/> <circle r=\"calc(50% - 1.00px)\" cx=\"50%\" cy=\"50%\" stroke=\"#99298f\" stroke-width=\"2\" data-progress=\"100\" stroke-dasharray=\"0,10000\"\/> <\/svg> <em style=\"color:#000000\"><svg aria-hidden=\"true\"><use href=\"#tf-fas-star\"><\/use><\/svg><\/em> \n <p style=\"text-align: center;\">Optimizaci\u00f3n t\u00e9cnica y de contenido<\/p>\n<svg> <circle r=\"calc(50% - 1.00px)\" cx=\"50%\" cy=\"50%\" stroke-width=\"2\"\/> <circle r=\"calc(50% - 1.00px)\" cx=\"50%\" cy=\"50%\" stroke=\"#99298f\" stroke-width=\"2\" data-progress=\"100\" stroke-dasharray=\"0,10000\"\/> <\/svg> <em style=\"color:#000000\"><svg aria-hidden=\"true\"><use href=\"#tf-fas-person-circle-check\"><\/use><\/svg><\/em> \n <p style=\"text-align: center;\">Resultados medibles y seguimiento cont\u00ednuo<\/p>\n<img loading=\"lazy\" decoding=\"async\" src=\"https:\/\/colibristaffing.com\/wp-content\/uploads\/2025\/01\/circulos-11-1024x513-900x450.png\" width=\"900\" height=\"450\" title=\"circulos-11\" alt=\"circulos-11\" srcset=\"https:\/\/colibristaffing.com\/wp-content\/uploads\/2025\/01\/circulos-11-1024x513-900x450.png 900w, https:\/\/colibristaffing.com\/wp-content\/uploads\/2025\/01\/circulos-11-300x150.png 300w, https:\/\/colibristaffing.com\/wp-content\/uploads\/2025\/01\/circulos-11-1024x513.png 1024w, https:\/\/colibristaffing.com\/wp-content\/uploads\/2025\/01\/circulos-11-768x385.png 768w, https:\/\/colibristaffing.com\/wp-content\/uploads\/2025\/01\/circulos-11-1536x769.png 1536w, https:\/\/colibristaffing.com\/wp-content\/uploads\/2025\/01\/circulos-11-2048x1025.png 2048w\" sizes=\"auto, (max-width: 900px) 100vw, 900px\" \/>\n<img decoding=\"async\" src=\"https:\/\/colibristaffing.com\/wp-content\/uploads\/2025\/01\/SEO-mobile-11.png\" title=\"SEO mobile-11\" alt=\"SEO mobile-11\" srcset=\"https:\/\/colibristaffing.com\/wp-content\/uploads\/2025\/01\/SEO-mobile-11.png 4264w, https:\/\/colibristaffing.com\/wp-content\/uploads\/2025\/01\/SEO-mobile-11-150x300.png 150w, https:\/\/colibristaffing.com\/wp-content\/uploads\/2025\/01\/SEO-mobile-11-513x1024.png 513w, https:\/\/colibristaffing.com\/wp-content\/uploads\/2025\/01\/SEO-mobile-11-768x1534.png 768w, https:\/\/colibristaffing.com\/wp-content\/uploads\/2025\/01\/SEO-mobile-11-769x1536.png 769w, https:\/\/colibristaffing.com\/wp-content\/uploads\/2025\/01\/SEO-mobile-11-1025x2048.png 1025w\" sizes=\"(max-width: 4264px) 100vw, 4264px\" \/><!--\/themify_builder_static-->","protected":false},"excerpt":{"rendered":"<p>En Colibri Optimization, ofrecemos un servicio completo de optimizaci\u00f3n SEO, dise\u00f1ado para mejorar el posicionamiento de tu p\u00e1gina en los motores de b\u00fasqueda y aumentar el tr\u00e1fico org\u00e1nico. Nuestro proceso comienza con una auditor\u00eda SEO exhaustiva\u00a0que nos permite identificar las \u00e1reas de mejora clave de tu sitio web. Una vez completada la auditor\u00eda, implementamos estrategias [&hellip;]<\/p>\n","protected":false},"author":1,"featured_media":0,"parent":0,"menu_order":0,"comment_status":"closed","ping_status":"closed","template":"","meta":{"footnotes":""},"class_list":["post-142","page","type-page","status-publish","hentry","has-post-title","has-post-date","has-post-category","has-post-tag","has-post-comment","has-post-author",""],"builder_content":"<p>En Colibri Optimization, ofrecemos un servicio completo de optimizaci\u00f3n SEO, dise\u00f1ado para mejorar el posicionamiento de tu p\u00e1gina en los motores de b\u00fasqueda y aumentar el tr\u00e1fico org\u00e1nico. Nuestro proceso comienza con una auditor\u00eda SEO exhaustiva\u00a0que nos permite identificar las \u00e1reas de mejora clave de tu sitio web.<\/p> <p>Una vez completada la auditor\u00eda, implementamos estrategias personalizadas para optimizar todos los aspectos t\u00e9cnicos y de contenido, garantizando que tu sitio sea visible, r\u00e1pido, f\u00e1cil de navegar y, lo m\u00e1s importante, relevante para tu audiencia.<\/p>\n<p><strong>Nuestro servicio de optimizaci\u00f3n SEO incluye:<\/strong><\/p> <ul> <li><strong>Auditor\u00eda SEO completa<\/strong>: An\u00e1lisis de la estructura t\u00e9cnica de tu sitio, contenido, backlinks, velocidad de carga y m\u00e1s.<\/li> <li><strong>Optimizaci\u00f3n de contenido<\/strong>: Mejoramos el uso de palabras clave, etiquetas, meta descripciones y m\u00e1s para asegurar que tu contenido sea relevante y est\u00e9 alineado con las mejores pr\u00e1cticas SEO.<\/li> <li><strong>Mejora de la velocidad de carga<\/strong>: Implementamos soluciones para reducir los tiempos de carga y mejorar la experiencia de usuario.<\/li> <li><strong>Optimizaci\u00f3n t\u00e9cnica<\/strong>: Ajustamos aspectos t\u00e9cnicos del sitio (como las URLs, la estructura del sitio y el uso de datos estructurados) para mejorar su rendimiento en los motores de b\u00fasqueda.<\/li> <li><strong>Monitoreo y seguimiento<\/strong>: Realizamos un seguimiento continuo para garantizar que tu sitio web se mantenga optimizado y contin\u00fae mejorando su posicionamiento.<\/li> <\/ul>\n<h2 style=\"text-align: center;\"><strong>\u00bfPor qu\u00e9 elegirnos?<\/strong><\/h2>\n\n<svg> <circle r=\"calc(50% - 1.00px)\" cx=\"50%\" cy=\"50%\" stroke-width=\"2\"\/> <circle r=\"calc(50% - 1.00px)\" cx=\"50%\" cy=\"50%\" stroke=\"#99298f\" stroke-width=\"2\" data-progress=\"100\" stroke-dasharray=\"0,10000\"\/> <\/svg> <em style=\"color:#000000\"><svg aria-hidden=\"true\"><use href=\"#tf-fas-star\"><\/use><\/svg><\/em> \n <p style=\"text-align: center;\">Enfoque integral y personalizado<\/p>\n<svg> <circle r=\"calc(50% - 1.00px)\" cx=\"50%\" cy=\"50%\" stroke-width=\"2\"\/> <circle r=\"calc(50% - 1.00px)\" cx=\"50%\" cy=\"50%\" stroke=\"#99298f\" stroke-width=\"2\" data-progress=\"100\" stroke-dasharray=\"0,10000\"\/> <\/svg> <em style=\"color:#000000\"><svg aria-hidden=\"true\"><use href=\"#tf-fas-person-circle-check\"><\/use><\/svg><\/em> \n <p style=\"text-align: center;\">Expertos en SEO con experiencia comprobada<\/p>\n<svg> <circle r=\"calc(50% - 1.00px)\" cx=\"50%\" cy=\"50%\" stroke-width=\"2\"\/> <circle r=\"calc(50% - 1.00px)\" cx=\"50%\" cy=\"50%\" stroke=\"#99298f\" stroke-width=\"2\" data-progress=\"100\" stroke-dasharray=\"0,10000\"\/> <\/svg> <em style=\"color:#000000\"><svg aria-hidden=\"true\"><use href=\"#tf-fas-star\"><\/use><\/svg><\/em> \n <p style=\"text-align: center;\">Optimizaci\u00f3n t\u00e9cnica y de contenido<\/p>\n<svg> <circle r=\"calc(50% - 1.00px)\" cx=\"50%\" cy=\"50%\" stroke-width=\"2\"\/> <circle r=\"calc(50% - 1.00px)\" cx=\"50%\" cy=\"50%\" stroke=\"#99298f\" stroke-width=\"2\" data-progress=\"100\" stroke-dasharray=\"0,10000\"\/> <\/svg> <em style=\"color:#000000\"><svg aria-hidden=\"true\"><use href=\"#tf-fas-person-circle-check\"><\/use><\/svg><\/em> \n <p style=\"text-align: center;\">Resultados medibles y seguimiento cont\u00ednuo<\/p>\n<img src=\"https:\/\/colibristaffing.com\/wp-content\/uploads\/2025\/01\/circulos-11-1024x513-900x450.png\" width=\"900\" height=\"450\" title=\"circulos-11\" alt=\"circulos-11\" srcset=\"https:\/\/colibristaffing.com\/wp-content\/uploads\/2025\/01\/circulos-11-1024x513-900x450.png 900w, https:\/\/colibristaffing.com\/wp-content\/uploads\/2025\/01\/circulos-11-300x150.png 300w, https:\/\/colibristaffing.com\/wp-content\/uploads\/2025\/01\/circulos-11-1024x513.png 1024w, https:\/\/colibristaffing.com\/wp-content\/uploads\/2025\/01\/circulos-11-768x385.png 768w, https:\/\/colibristaffing.com\/wp-content\/uploads\/2025\/01\/circulos-11-1536x769.png 1536w, https:\/\/colibristaffing.com\/wp-content\/uploads\/2025\/01\/circulos-11-2048x1025.png 2048w\" sizes=\"(max-width: 900px) 100vw, 900px\" \/>\n<img src=\"https:\/\/colibristaffing.com\/wp-content\/uploads\/2025\/01\/SEO-mobile-11.png\" title=\"SEO mobile-11\" alt=\"SEO mobile-11\" srcset=\"https:\/\/colibristaffing.com\/wp-content\/uploads\/2025\/01\/SEO-mobile-11.png 4264w, https:\/\/colibristaffing.com\/wp-content\/uploads\/2025\/01\/SEO-mobile-11-150x300.png 150w, https:\/\/colibristaffing.com\/wp-content\/uploads\/2025\/01\/SEO-mobile-11-513x1024.png 513w, https:\/\/colibristaffing.com\/wp-content\/uploads\/2025\/01\/SEO-mobile-11-768x1534.png 768w, https:\/\/colibristaffing.com\/wp-content\/uploads\/2025\/01\/SEO-mobile-11-769x1536.png 769w, https:\/\/colibristaffing.com\/wp-content\/uploads\/2025\/01\/SEO-mobile-11-1025x2048.png 1025w\" sizes=\"(max-width: 4264px) 100vw, 4264px\" \/>","_links":{"self":[{"href":"https:\/\/colibristaffing.com\/index.php?rest_route=\/wp\/v2\/pages\/142","targetHints":{"allow":["GET"]}}],"collection":[{"href":"https:\/\/colibristaffing.com\/index.php?rest_route=\/wp\/v2\/pages"}],"about":[{"href":"https:\/\/colibristaffing.com\/index.php?rest_route=\/wp\/v2\/types\/page"}],"author":[{"embeddable":true,"href":"https:\/\/colibristaffing.com\/index.php?rest_route=\/wp\/v2\/users\/1"}],"replies":[{"embeddable":true,"href":"https:\/\/colibristaffing.com\/index.php?rest_route=%2Fwp%2Fv2%2Fcomments&post=142"}],"version-history":[{"count":21,"href":"https:\/\/colibristaffing.com\/index.php?rest_route=\/wp\/v2\/pages\/142\/revisions"}],"predecessor-version":[{"id":273,"href":"https:\/\/colibristaffing.com\/index.php?rest_route=\/wp\/v2\/pages\/142\/revisions\/273"}],"wp:attachment":[{"href":"https:\/\/colibristaffing.com\/index.php?rest_route=%2Fwp%2Fv2%2Fmedia&parent=142"}],"curies":[{"name":"wp","href":"https:\/\/api.w.org\/{rel}","templated":true}]}}